{"id":1214,"date":"2023-09-29T11:26:27","date_gmt":"2023-09-29T11:26:27","guid":{"rendered":"https:\/\/www.flower-soul.com\/?page_id=1214"},"modified":"2023-11-17T11:27:09","modified_gmt":"2023-11-17T11:27:09","slug":"home-2023-fr","status":"publish","type":"page","link":"https:\/\/www.flower-soul.com\/fr\/","title":{"rendered":"Home 2023 &#8211; Fr"},"content":{"rendered":"<section class=\"wpb-content-wrapper\"><p>[vc_row css_animation=\u00a0\u00bb\u00a0\u00bb row_type=\u00a0\u00bbrow\u00a0\u00bb use_row_as_full_screen_section=\u00a0\u00bbno\u00a0\u00bb type=\u00a0\u00bbgrid\u00a0\u00bb angled_section=\u00a0\u00bbno\u00a0\u00bb text_align=\u00a0\u00bbleft\u00a0\u00bb background_image_as_pattern=\u00a0\u00bbwithout_pattern\u00a0\u00bb padding_top=\u00a0\u00bb70&Prime; padding_bottom=\u00a0\u00bb50&Prime; z_index=\u00a0\u00bb\u00a0\u00bb css=\u00a0\u00bb.vc_custom_1693295118050{margin-top: -60px !important;}\u00a0\u00bb][vc_column][vc_column_text]<\/p>\n<blockquote>\n<p style=\"font-weight: 400; text-align: center;\">\u00ab\u00a0Gardez toujours les yeux ouverts. Continuez \u00e0 observer, car tout ce que vous voyez peut vous inspirer.\u00a0\u00bb<br \/>\n<span style=\"font-size: 12px;\">&#8211; Grace Coddington &#8211; <\/span><\/p>\n<\/blockquote>\n<p>[\/vc_column_text][vc_empty_space height=\u00a0\u00bb60px\u00a0\u00bb][vc_column_text]<\/p>\n<h1>AM\u00c9NAGEMENT D\u2019INT\u00c9RIEUR, D\u00c9CORATION V\u00c9G\u00c9TALE D\u2019INT\u00c9RIEURE &amp; JARDINS VERTICAUX<\/h1>\n<p>[\/vc_column_text][vc_empty_space height=\u00a0\u00bb60px\u00a0\u00bb][vc_column_text]Am\u00e9nagement d\u2019int\u00e9rieur, cr\u00e9ation d&rsquo;espaces v\u00e9g\u00e9taux et de murs v\u00e9g\u00e9taux d\u2019int\u00e9rieur.<\/p>\n<p>Conception de murs v\u00e9g\u00e9taux stabilis\u00e9s qui apportent de la valeur ajout\u00e9e \u00e0 nos propositions.<\/p>\n<p>Cr\u00e9ations sur mesure pour diff\u00e9rents espaces.<\/p>\n<p>La nature, bien-s\u00fbr, en tant que protagoniste de nos nouveaux projets.<\/p>\n<p>Design et bien-\u00eatre dans les espaces de travail.<\/p>\n<p>La biophilie, en priorit\u00e9 dans nos propositions d&rsquo;am\u00e9nagement d\u2019int\u00e9rieur.<\/p>\n<p>La nature comme source d\u2019inspiration.[\/vc_column_text][vc_empty_space height=\u00a0\u00bb40px\u00a0\u00bb][\/vc_column][\/vc_row][vc_row css_animation=\u00a0\u00bb\u00a0\u00bb row_type=\u00a0\u00bbrow\u00a0\u00bb use_row_as_full_screen_section=\u00a0\u00bbno\u00a0\u00bb type=\u00a0\u00bbfull_width\u00a0\u00bb angled_section=\u00a0\u00bbno\u00a0\u00bb text_align=\u00a0\u00bbleft\u00a0\u00bb background_image_as_pattern=\u00a0\u00bbwithout_pattern\u00a0\u00bb][vc_column width=\u00a0\u00bb1\/2&Prime; css=\u00a0\u00bb.vc_custom_1695307167031{margin-bottom: 40px !important;padding-top: 400px !important;padding-bottom: 0px !important;background-image: url(https:\/\/www.flower-soul.com\/wp-content\/uploads\/2023\/08\/PORTADA-INTERIORISMO.jpg?id=1217) !important;background-position: center !important;background-repeat: no-repeat !important;background-size: cover !important;}\u00a0\u00bb][vc_column_text]<\/p>\n<h2 style=\"text-align: center;\"><a href=\"\/fr\/design-d-interieur\/\"><span style=\"color: #ffffff;\">DESIGN D\u2019INT\u00c9RIEUR<\/span><\/a><\/h2>\n<p>[\/vc_column_text][\/vc_column][vc_column width=\u00a0\u00bb1\/2&Prime; css=\u00a0\u00bb.vc_custom_1695307173410{margin-bottom: 40px !important;padding-top: 400px !important;padding-bottom: 0px !important;background-image: url(https:\/\/www.flower-soul.com\/wp-content\/uploads\/2023\/08\/PORTADA-JARDINES-VERTICALES.jpg?id=1220) !important;background-position: center !important;background-repeat: no-repeat !important;background-size: cover !important;}\u00a0\u00bb][vc_column_text]<\/p>\n<h2 style=\"text-align: center;\"><a href=\"\/fr\/vertical-gardens\/\"><span style=\"color: #ffffff;\">JARDINS VERTICAUX<\/span><\/a><\/h2>\n<p>[\/vc_column_text][\/vc_column][\/vc_row][vc_row css_animation=\u00a0\u00bb\u00a0\u00bb row_type=\u00a0\u00bbrow\u00a0\u00bb use_row_as_full_screen_section=\u00a0\u00bbno\u00a0\u00bb type=\u00a0\u00bbfull_width\u00a0\u00bb angled_section=\u00a0\u00bbno\u00a0\u00bb text_align=\u00a0\u00bbleft\u00a0\u00bb background_image_as_pattern=\u00a0\u00bbwithout_pattern\u00a0\u00bb][vc_column][vc_empty_space height=\u00a0\u00bb120px\u00a0\u00bb][\/vc_column][\/vc_row]<\/p>\n<\/section>","protected":false},"excerpt":{"rendered":"<p>[vc_row css_animation=\u00a0\u00bb\u00a0\u00bb row_type=\u00a0\u00bbrow\u00a0\u00bb use_row_as_full_screen_section=\u00a0\u00bbno\u00a0\u00bb type=\u00a0\u00bbgrid\u00a0\u00bb angled_section=\u00a0\u00bbno\u00a0\u00bb text_align=\u00a0\u00bbleft\u00a0\u00bb background_image_as_pattern=\u00a0\u00bbwithout_pattern\u00a0\u00bb padding_top=\u00a0\u00bb70&Prime; padding_bottom=\u00a0\u00bb50&Prime; z_index=\u00a0\u00bb\u00a0\u00bb css=\u00a0\u00bb.vc_custom_1693295118050{margin-top: -60px !important;}\u00a0\u00bb][vc_column][vc_column_text] \u00ab\u00a0Gardez toujours les yeux ouverts. Continuez \u00e0 observer, car tout ce que vous voyez peut vous inspirer.\u00a0\u00bb &#8211; Grace Coddington &#8211; [\/vc_column_text][vc_empty_space height=\u00a0\u00bb60px\u00a0\u00bb][vc_column_text] AM\u00c9NAGEMENT D\u2019INT\u00c9RIEUR, D\u00c9CORATION V\u00c9G\u00c9TALE D\u2019INT\u00c9RIEURE &amp; JARDINS VERTICAUX&#8230;<\/p>\n","protected":false},"author":1,"featured_media":0,"parent":0,"menu_order":0,"comment_status":"closed","ping_status":"closed","template":"full_width.php","meta":{"jetpack_post_was_ever_published":false,"footnotes":""},"yoast_head":"<!-- This site is optimized with the Yoast SEO plugin v22.5 - https:\/\/yoast.com\/wordpress\/plugins\/seo\/ -->\n<title>Qui sommes-nous - Flower Soul - Integra la naturaleza - Decoraci\u00f3n Floral<\/title>\n<meta name=\"description\" content=\"Flower Soul son Gema y Ruth y naci\u00f3 gracias al deseo de acercar la naturaleza a los espacios. Llevan a cabo proyectos entre Espa\u00f1a y Francia.\" \/>\n<meta name=\"robots\" content=\"index, follow, max-snippet:-1, max-image-preview:large, max-video-preview:-1\" \/>\n<link rel=\"canonical\" href=\"https:\/\/www.flower-soul.com\/fr\/\" \/>\n<meta property=\"og:locale\" content=\"fr_FR\" \/>\n<meta property=\"og:type\" content=\"article\" \/>\n<meta property=\"og:title\" content=\"Qui sommes-nous - Flower Soul - Integra la naturaleza - Decoraci\u00f3n Floral\" \/>\n<meta property=\"og:description\" content=\"Flower Soul son Gema y Ruth y naci\u00f3 gracias al deseo de acercar la naturaleza a los espacios. Llevan a cabo proyectos entre Espa\u00f1a y Francia.\" \/>\n<meta property=\"og:url\" content=\"https:\/\/www.flower-soul.com\/fr\/\" \/>\n<meta property=\"og:site_name\" content=\"Flower Soul\" \/>\n<meta property=\"article:modified_time\" content=\"2023-11-17T11:27:09+00:00\" \/>\n<meta name=\"twitter:card\" content=\"summary_large_image\" \/>\n<meta name=\"twitter:label1\" content=\"Dur\u00e9e de lecture estim\u00e9e\" \/>\n\t<meta name=\"twitter:data1\" content=\"1 minute\" \/>\n<script type=\"application\/ld+json\" class=\"yoast-schema-graph\">{\"@context\":\"https:\/\/schema.org\",\"@graph\":[{\"@type\":\"WebPage\",\"@id\":\"https:\/\/www.flower-soul.com\/fr\/\",\"url\":\"https:\/\/www.flower-soul.com\/fr\/\",\"name\":\"Qui sommes-nous - Flower Soul - Integra la naturaleza - Decoraci\u00f3n Floral\",\"isPartOf\":{\"@id\":\"https:\/\/www.flower-soul.com\/fr\/#website\"},\"datePublished\":\"2023-09-29T11:26:27+00:00\",\"dateModified\":\"2023-11-17T11:27:09+00:00\",\"description\":\"Flower Soul son Gema y Ruth y naci\u00f3 gracias al deseo de acercar la naturaleza a los espacios. Llevan a cabo proyectos entre Espa\u00f1a y Francia.\",\"breadcrumb\":{\"@id\":\"https:\/\/www.flower-soul.com\/fr\/#breadcrumb\"},\"inLanguage\":\"fr-FR\",\"potentialAction\":[{\"@type\":\"ReadAction\",\"target\":[\"https:\/\/www.flower-soul.com\/fr\/\"]}]},{\"@type\":\"BreadcrumbList\",\"@id\":\"https:\/\/www.flower-soul.com\/fr\/#breadcrumb\",\"itemListElement\":[{\"@type\":\"ListItem\",\"position\":1,\"name\":\"Portada\",\"item\":\"https:\/\/www.flower-soul.com\/fr\/\"},{\"@type\":\"ListItem\",\"position\":2,\"name\":\"Home 2023 &#8211; Fr\"}]},{\"@type\":\"WebSite\",\"@id\":\"https:\/\/www.flower-soul.com\/fr\/#website\",\"url\":\"https:\/\/www.flower-soul.com\/fr\/\",\"name\":\"Flower Soul\",\"description\":\"Jardines Verticales y Cuadros Vegetales\",\"potentialAction\":[{\"@type\":\"SearchAction\",\"target\":{\"@type\":\"EntryPoint\",\"urlTemplate\":\"https:\/\/www.flower-soul.com\/fr\/?s={search_term_string}\"},\"query-input\":\"required name=search_term_string\"}],\"inLanguage\":\"fr-FR\"}]}<\/script>\n<!-- \/ Yoast SEO plugin. -->","yoast_head_json":{"title":"Qui sommes-nous - Flower Soul - Integra la naturaleza - Decoraci\u00f3n Floral","description":"Flower Soul son Gema y Ruth y naci\u00f3 gracias al deseo de acercar la naturaleza a los espacios. Llevan a cabo proyectos entre Espa\u00f1a y Francia.","robots":{"index":"index","follow":"follow","max-snippet":"max-snippet:-1","max-image-preview":"max-image-preview:large","max-video-preview":"max-video-preview:-1"},"canonical":"https:\/\/www.flower-soul.com\/fr\/","og_locale":"fr_FR","og_type":"article","og_title":"Qui sommes-nous - Flower Soul - Integra la naturaleza - Decoraci\u00f3n Floral","og_description":"Flower Soul son Gema y Ruth y naci\u00f3 gracias al deseo de acercar la naturaleza a los espacios. Llevan a cabo proyectos entre Espa\u00f1a y Francia.","og_url":"https:\/\/www.flower-soul.com\/fr\/","og_site_name":"Flower Soul","article_modified_time":"2023-11-17T11:27:09+00:00","twitter_card":"summary_large_image","twitter_misc":{"Dur\u00e9e de lecture estim\u00e9e":"1 minute"},"schema":{"@context":"https:\/\/schema.org","@graph":[{"@type":"WebPage","@id":"https:\/\/www.flower-soul.com\/fr\/","url":"https:\/\/www.flower-soul.com\/fr\/","name":"Qui sommes-nous - Flower Soul - Integra la naturaleza - Decoraci\u00f3n Floral","isPartOf":{"@id":"https:\/\/www.flower-soul.com\/fr\/#website"},"datePublished":"2023-09-29T11:26:27+00:00","dateModified":"2023-11-17T11:27:09+00:00","description":"Flower Soul son Gema y Ruth y naci\u00f3 gracias al deseo de acercar la naturaleza a los espacios. Llevan a cabo proyectos entre Espa\u00f1a y Francia.","breadcrumb":{"@id":"https:\/\/www.flower-soul.com\/fr\/#breadcrumb"},"inLanguage":"fr-FR","potentialAction":[{"@type":"ReadAction","target":["https:\/\/www.flower-soul.com\/fr\/"]}]},{"@type":"BreadcrumbList","@id":"https:\/\/www.flower-soul.com\/fr\/#breadcrumb","itemListElement":[{"@type":"ListItem","position":1,"name":"Portada","item":"https:\/\/www.flower-soul.com\/fr\/"},{"@type":"ListItem","position":2,"name":"Home 2023 &#8211; Fr"}]},{"@type":"WebSite","@id":"https:\/\/www.flower-soul.com\/fr\/#website","url":"https:\/\/www.flower-soul.com\/fr\/","name":"Flower Soul","description":"Jardines Verticales y Cuadros Vegetales","potentialAction":[{"@type":"SearchAction","target":{"@type":"EntryPoint","urlTemplate":"https:\/\/www.flower-soul.com\/fr\/?s={search_term_string}"},"query-input":"required name=search_term_string"}],"inLanguage":"fr-FR"}]}},"jetpack_sharing_enabled":true,"jetpack_shortlink":"https:\/\/wp.me\/PaVqaq-jA","_links":{"self":[{"href":"https:\/\/www.flower-soul.com\/fr\/wp-json\/wp\/v2\/pages\/1214"}],"collection":[{"href":"https:\/\/www.flower-soul.com\/fr\/wp-json\/wp\/v2\/pages"}],"about":[{"href":"https:\/\/www.flower-soul.com\/fr\/wp-json\/wp\/v2\/types\/page"}],"author":[{"embeddable":true,"href":"https:\/\/www.flower-soul.com\/fr\/wp-json\/wp\/v2\/users\/1"}],"replies":[{"embeddable":true,"href":"https:\/\/www.flower-soul.com\/fr\/wp-json\/wp\/v2\/comments?post=1214"}],"version-history":[{"count":8,"href":"https:\/\/www.flower-soul.com\/fr\/wp-json\/wp\/v2\/pages\/1214\/revisions"}],"predecessor-version":[{"id":1830,"href":"https:\/\/www.flower-soul.com\/fr\/wp-json\/wp\/v2\/pages\/1214\/revisions\/1830"}],"wp:attachment":[{"href":"https:\/\/www.flower-soul.com\/fr\/wp-json\/wp\/v2\/media?parent=1214"}],"curies":[{"name":"wp","href":"https:\/\/api.w.org\/{rel}","templated":true}]}}