{"id":1352,"date":"2023-10-25T15:23:28","date_gmt":"2023-10-25T15:23:28","guid":{"rendered":"https:\/\/www.flower-soul.com\/?page_id=1352"},"modified":"2023-11-17T11:04:54","modified_gmt":"2023-11-17T11:04:54","slug":"jardins-verticaux","status":"publish","type":"page","link":"https:\/\/www.flower-soul.com\/fr\/jardins-verticaux\/","title":{"rendered":"Jardins verticaux"},"content":{"rendered":"<section class=\"wpb-content-wrapper\"><p>[vc_row css_animation=\u00a0\u00bb\u00a0\u00bb row_type=\u00a0\u00bbrow\u00a0\u00bb use_row_as_full_screen_section=\u00a0\u00bbno\u00a0\u00bb type=\u00a0\u00bbgrid\u00a0\u00bb angled_section=\u00a0\u00bbno\u00a0\u00bb text_align=\u00a0\u00bbleft\u00a0\u00bb background_image_as_pattern=\u00a0\u00bbwithout_pattern\u00a0\u00bb padding_top=\u00a0\u00bb70&Prime; padding_bottom=\u00a0\u00bb50&Prime; z_index=\u00a0\u00bb\u00a0\u00bb css=\u00a0\u00bb.vc_custom_1693295118050{margin-top: -60px !important;}\u00a0\u00bb][vc_column][vc_empty_space height=\u00a0\u00bb60px\u00a0\u00bb][vc_column_text]<\/p>\n<h1>SORTEZ DU CONVENTIONNEL<\/h1>\n<p>[\/vc_column_text][vc_empty_space height=\u00a0\u00bb60px\u00a0\u00bb][vc_column_text]Faites en sorte que n\u2019importe quel espace prenne une vie propre.<\/p>\n<p>Transformez et convertissez votre environnement.<\/p>\n<p>Permettez \u00e0 la nature de s\u2019int\u00e9grer dans votre vie.<\/p>\n<p>Les fleurs et plantes stabilis\u00e9es ont une longue dur\u00e9e et sont 100% naturelles.<\/p>\n<p>La stabilisation des plantes est un processus unique et pleinement \u00e9cologique.<\/p>\n<p>La plante fra\u00eechement coup\u00e9e est trait\u00e9e et soumise \u00e0 un processus au cours duquel la s\u00e8ve et l&rsquo;eau sont remplac\u00e9es par un produit de conservation qui maintient sa fra\u00eecheur et son caract\u00e8re naturel sur une longue dur\u00e9e.<\/p>\n<p>Gr\u00e2ce \u00e0 ce traitement, les plantes n\u2019auront pas besoin d\u2019arrosage, de lumi\u00e8re, ou d\u2019une temp\u00e9rature sp\u00e9cifique.<\/p>\n<p>Il suffira de les nettoyer de temps en temps pour les garder en parfait \u00e9tat.[\/vc_column_text][vc_empty_space height=\u00a0\u00bb40px\u00a0\u00bb][\/vc_column][\/vc_row][vc_row css_animation=\u00a0\u00bb\u00a0\u00bb row_type=\u00a0\u00bbrow\u00a0\u00bb use_row_as_full_screen_section=\u00a0\u00bbno\u00a0\u00bb type=\u00a0\u00bbfull_width\u00a0\u00bb angled_section=\u00a0\u00bbno\u00a0\u00bb text_align=\u00a0\u00bbleft\u00a0\u00bb background_image_as_pattern=\u00a0\u00bbwithout_pattern\u00a0\u00bb z_index=\u00a0\u00bb\u00a0\u00bb css=\u00a0\u00bb.vc_custom_1695307246192{margin-bottom: 40px !important;}\u00a0\u00bb][vc_column width=\u00a0\u00bb1\/2&Prime; css=\u00a0\u00bb.vc_custom_1695307232331{margin-bottom: 40px !important;padding-top: 460px !important;padding-bottom: 0px !important;background-image: url(https:\/\/www.flower-soul.com\/wp-content\/uploads\/2020\/05\/ECOEMBES_18_BAJA-1.jpg?id=1081) !important;background-position: center !important;background-repeat: no-repeat !important;background-size: cover !important;}\u00a0\u00bb][vc_column_text]<\/p>\n<h2 style=\"text-align: center;\"><a href=\"https:\/\/www.flower-soul.com\/fr\/design-dinterieur-jardins-verticaux\/\">JARDINS VERTICAUX<\/a><\/h2>\n<p>[\/vc_column_text][\/vc_column][vc_column width=\u00a0\u00bb1\/4&Prime; css=\u00a0\u00bb.vc_custom_1695307239914{margin-bottom: 40px !important;padding-top: 498px !important;padding-bottom: 0px !important;background-image: url(https:\/\/www.flower-soul.com\/wp-content\/uploads\/2020\/05\/ECOEMBES_04_BAJA-1.jpg?id=1078) !important;background-position: center !important;background-repeat: no-repeat !important;background-size: cover !important;}\u00a0\u00bb][\/vc_column][vc_column width=\u00a0\u00bb1\/4&Prime; css=\u00a0\u00bb.vc_custom_1695212021615{padding-top: 498px !important;background-image: url(https:\/\/www.flower-soul.com\/wp-content\/uploads\/2023\/09\/jardines-verticales-proyectos.jpeg?id=1537) !important;background-position: center !important;background-repeat: no-repeat !important;background-size: cover !important;}\u00a0\u00bb][\/vc_column][\/vc_row][vc_row css_animation=\u00a0\u00bb\u00a0\u00bb row_type=\u00a0\u00bbrow\u00a0\u00bb use_row_as_full_screen_section=\u00a0\u00bbno\u00a0\u00bb type=\u00a0\u00bbfull_width\u00a0\u00bb angled_section=\u00a0\u00bbno\u00a0\u00bb text_align=\u00a0\u00bbleft\u00a0\u00bb background_image_as_pattern=\u00a0\u00bbwithout_pattern\u00a0\u00bb][vc_column][vc_empty_space height=\u00a0\u00bb120px\u00a0\u00bb][\/vc_column][\/vc_row]<\/p>\n<\/section>","protected":false},"excerpt":{"rendered":"<p>[vc_row css_animation=\u00a0\u00bb\u00a0\u00bb row_type=\u00a0\u00bbrow\u00a0\u00bb use_row_as_full_screen_section=\u00a0\u00bbno\u00a0\u00bb type=\u00a0\u00bbgrid\u00a0\u00bb angled_section=\u00a0\u00bbno\u00a0\u00bb text_align=\u00a0\u00bbleft\u00a0\u00bb background_image_as_pattern=\u00a0\u00bbwithout_pattern\u00a0\u00bb padding_top=\u00a0\u00bb70&Prime; padding_bottom=\u00a0\u00bb50&Prime; z_index=\u00a0\u00bb\u00a0\u00bb css=\u00a0\u00bb.vc_custom_1693295118050{margin-top: -60px !important;}\u00a0\u00bb][vc_column][vc_empty_space height=\u00a0\u00bb60px\u00a0\u00bb][vc_column_text] SORTEZ DU CONVENTIONNEL [\/vc_column_text][vc_empty_space height=\u00a0\u00bb60px\u00a0\u00bb][vc_column_text]Faites en sorte que n\u2019importe quel espace prenne une vie propre. Transformez et convertissez votre environnement. Permettez \u00e0 la nature de s\u2019int\u00e9grer dans votre vie. Les&#8230;<\/p>\n","protected":false},"author":1,"featured_media":0,"parent":0,"menu_order":0,"comment_status":"closed","ping_status":"closed","template":"full_width.php","meta":{"jetpack_post_was_ever_published":false,"footnotes":""},"yoast_head":"<!-- This site is optimized with the Yoast SEO plugin v22.5 - https:\/\/yoast.com\/wordpress\/plugins\/seo\/ -->\n<title>Jardins verticaux avec fleurs et plantes stabilis\u00e9es \u00e0 Madrid<\/title>\n<meta name=\"description\" content=\"Flower Soul Studio con\u00e7oit des jardins verticaux pr\u00e9serv\u00e9s comme valeur ajout\u00e9e \u00e0 nos propositions pour diff\u00e9rents espaces\" \/>\n<meta name=\"robots\" content=\"index, follow, max-snippet:-1, max-image-preview:large, max-video-preview:-1\" \/>\n<link rel=\"canonical\" href=\"https:\/\/www.flower-soul.com\/fr\/jardins-verticaux\/\" \/>\n<meta property=\"og:locale\" content=\"fr_FR\" \/>\n<meta property=\"og:type\" content=\"article\" \/>\n<meta property=\"og:title\" content=\"Jardins verticaux avec fleurs et plantes stabilis\u00e9es \u00e0 Madrid\" \/>\n<meta property=\"og:description\" content=\"Flower Soul Studio con\u00e7oit des jardins verticaux pr\u00e9serv\u00e9s comme valeur ajout\u00e9e \u00e0 nos propositions pour diff\u00e9rents espaces\" \/>\n<meta property=\"og:url\" content=\"https:\/\/www.flower-soul.com\/fr\/jardins-verticaux\/\" \/>\n<meta property=\"og:site_name\" content=\"Flower Soul\" \/>\n<meta property=\"article:modified_time\" content=\"2023-11-17T11:04:54+00:00\" \/>\n<meta name=\"twitter:card\" content=\"summary_large_image\" \/>\n<meta name=\"twitter:label1\" content=\"Dur\u00e9e de lecture estim\u00e9e\" \/>\n\t<meta name=\"twitter:data1\" content=\"1 minute\" \/>\n<script type=\"application\/ld+json\" class=\"yoast-schema-graph\">{\"@context\":\"https:\/\/schema.org\",\"@graph\":[{\"@type\":\"WebPage\",\"@id\":\"https:\/\/www.flower-soul.com\/fr\/jardins-verticaux\/\",\"url\":\"https:\/\/www.flower-soul.com\/fr\/jardins-verticaux\/\",\"name\":\"Jardins verticaux avec fleurs et plantes stabilis\u00e9es \u00e0 Madrid\",\"isPartOf\":{\"@id\":\"https:\/\/www.flower-soul.com\/fr\/#website\"},\"datePublished\":\"2023-10-25T15:23:28+00:00\",\"dateModified\":\"2023-11-17T11:04:54+00:00\",\"description\":\"Flower Soul Studio con\u00e7oit des jardins verticaux pr\u00e9serv\u00e9s comme valeur ajout\u00e9e \u00e0 nos propositions pour diff\u00e9rents espaces\",\"breadcrumb\":{\"@id\":\"https:\/\/www.flower-soul.com\/fr\/jardins-verticaux\/#breadcrumb\"},\"inLanguage\":\"fr-FR\",\"potentialAction\":[{\"@type\":\"ReadAction\",\"target\":[\"https:\/\/www.flower-soul.com\/fr\/jardins-verticaux\/\"]}]},{\"@type\":\"BreadcrumbList\",\"@id\":\"https:\/\/www.flower-soul.com\/fr\/jardins-verticaux\/#breadcrumb\",\"itemListElement\":[{\"@type\":\"ListItem\",\"position\":1,\"name\":\"Portada\",\"item\":\"https:\/\/www.flower-soul.com\/fr\/\"},{\"@type\":\"ListItem\",\"position\":2,\"name\":\"Jardins verticaux\"}]},{\"@type\":\"WebSite\",\"@id\":\"https:\/\/www.flower-soul.com\/fr\/#website\",\"url\":\"https:\/\/www.flower-soul.com\/fr\/\",\"name\":\"Flower Soul\",\"description\":\"Jardines Verticales y Cuadros Vegetales\",\"potentialAction\":[{\"@type\":\"SearchAction\",\"target\":{\"@type\":\"EntryPoint\",\"urlTemplate\":\"https:\/\/www.flower-soul.com\/fr\/?s={search_term_string}\"},\"query-input\":\"required name=search_term_string\"}],\"inLanguage\":\"fr-FR\"}]}<\/script>\n<!-- \/ Yoast SEO plugin. -->","yoast_head_json":{"title":"Jardins verticaux avec fleurs et plantes stabilis\u00e9es \u00e0 Madrid","description":"Flower Soul Studio con\u00e7oit des jardins verticaux pr\u00e9serv\u00e9s comme valeur ajout\u00e9e \u00e0 nos propositions pour diff\u00e9rents espaces","robots":{"index":"index","follow":"follow","max-snippet":"max-snippet:-1","max-image-preview":"max-image-preview:large","max-video-preview":"max-video-preview:-1"},"canonical":"https:\/\/www.flower-soul.com\/fr\/jardins-verticaux\/","og_locale":"fr_FR","og_type":"article","og_title":"Jardins verticaux avec fleurs et plantes stabilis\u00e9es \u00e0 Madrid","og_description":"Flower Soul Studio con\u00e7oit des jardins verticaux pr\u00e9serv\u00e9s comme valeur ajout\u00e9e \u00e0 nos propositions pour diff\u00e9rents espaces","og_url":"https:\/\/www.flower-soul.com\/fr\/jardins-verticaux\/","og_site_name":"Flower Soul","article_modified_time":"2023-11-17T11:04:54+00:00","twitter_card":"summary_large_image","twitter_misc":{"Dur\u00e9e de lecture estim\u00e9e":"1 minute"},"schema":{"@context":"https:\/\/schema.org","@graph":[{"@type":"WebPage","@id":"https:\/\/www.flower-soul.com\/fr\/jardins-verticaux\/","url":"https:\/\/www.flower-soul.com\/fr\/jardins-verticaux\/","name":"Jardins verticaux avec fleurs et plantes stabilis\u00e9es \u00e0 Madrid","isPartOf":{"@id":"https:\/\/www.flower-soul.com\/fr\/#website"},"datePublished":"2023-10-25T15:23:28+00:00","dateModified":"2023-11-17T11:04:54+00:00","description":"Flower Soul Studio con\u00e7oit des jardins verticaux pr\u00e9serv\u00e9s comme valeur ajout\u00e9e \u00e0 nos propositions pour diff\u00e9rents espaces","breadcrumb":{"@id":"https:\/\/www.flower-soul.com\/fr\/jardins-verticaux\/#breadcrumb"},"inLanguage":"fr-FR","potentialAction":[{"@type":"ReadAction","target":["https:\/\/www.flower-soul.com\/fr\/jardins-verticaux\/"]}]},{"@type":"BreadcrumbList","@id":"https:\/\/www.flower-soul.com\/fr\/jardins-verticaux\/#breadcrumb","itemListElement":[{"@type":"ListItem","position":1,"name":"Portada","item":"https:\/\/www.flower-soul.com\/fr\/"},{"@type":"ListItem","position":2,"name":"Jardins verticaux"}]},{"@type":"WebSite","@id":"https:\/\/www.flower-soul.com\/fr\/#website","url":"https:\/\/www.flower-soul.com\/fr\/","name":"Flower Soul","description":"Jardines Verticales y Cuadros Vegetales","potentialAction":[{"@type":"SearchAction","target":{"@type":"EntryPoint","urlTemplate":"https:\/\/www.flower-soul.com\/fr\/?s={search_term_string}"},"query-input":"required name=search_term_string"}],"inLanguage":"fr-FR"}]}},"jetpack_sharing_enabled":true,"jetpack_shortlink":"https:\/\/wp.me\/PaVqaq-lO","_links":{"self":[{"href":"https:\/\/www.flower-soul.com\/fr\/wp-json\/wp\/v2\/pages\/1352"}],"collection":[{"href":"https:\/\/www.flower-soul.com\/fr\/wp-json\/wp\/v2\/pages"}],"about":[{"href":"https:\/\/www.flower-soul.com\/fr\/wp-json\/wp\/v2\/types\/page"}],"author":[{"embeddable":true,"href":"https:\/\/www.flower-soul.com\/fr\/wp-json\/wp\/v2\/users\/1"}],"replies":[{"embeddable":true,"href":"https:\/\/www.flower-soul.com\/fr\/wp-json\/wp\/v2\/comments?post=1352"}],"version-history":[{"count":4,"href":"https:\/\/www.flower-soul.com\/fr\/wp-json\/wp\/v2\/pages\/1352\/revisions"}],"predecessor-version":[{"id":1824,"href":"https:\/\/www.flower-soul.com\/fr\/wp-json\/wp\/v2\/pages\/1352\/revisions\/1824"}],"wp:attachment":[{"href":"https:\/\/www.flower-soul.com\/fr\/wp-json\/wp\/v2\/media?parent=1352"}],"curies":[{"name":"wp","href":"https:\/\/api.w.org\/{rel}","templated":true}]}}