{"id":1385,"date":"2023-08-30T10:29:12","date_gmt":"2023-08-30T10:29:12","guid":{"rendered":"https:\/\/www.flower-soul.com\/?page_id=1385"},"modified":"2023-11-06T16:56:27","modified_gmt":"2023-11-06T16:56:27","slug":"press","status":"publish","type":"page","link":"https:\/\/www.flower-soul.com\/fr\/press\/","title":{"rendered":"Press"},"content":{"rendered":"<section class=\"wpb-content-wrapper\"><p>[vc_row css_animation=\u00a0\u00bb\u00a0\u00bb row_type=\u00a0\u00bbrow\u00a0\u00bb use_row_as_full_screen_section=\u00a0\u00bbno\u00a0\u00bb type=\u00a0\u00bbgrid\u00a0\u00bb angled_section=\u00a0\u00bbno\u00a0\u00bb text_align=\u00a0\u00bbleft\u00a0\u00bb background_image_as_pattern=\u00a0\u00bbwithout_pattern\u00a0\u00bb padding_top=\u00a0\u00bb70&Prime; padding_bottom=\u00a0\u00bb50&Prime; z_index=\u00a0\u00bb\u00a0\u00bb css=\u00a0\u00bb.vc_custom_1693295118050{margin-top: -60px !important;}\u00a0\u00bb][vc_column][vc_empty_space height=\u00a0\u00bb60px\u00a0\u00bb][vc_column_text]<\/p>\n<h1>PRESS<\/h1>\n<p>[\/vc_column_text][vc_empty_space height=\u00a0\u00bb60px\u00a0\u00bb][vc_row_inner row_type=\u00a0\u00bbrow\u00a0\u00bb type=\u00a0\u00bbgrid\u00a0\u00bb text_align=\u00a0\u00bbleft\u00a0\u00bb css_animation=\u00a0\u00bb\u00a0\u00bb][vc_column_inner width=\u00a0\u00bb1\/3&Prime;][vc_single_image image=\u00a0\u00bb1393&Prime; img_size=\u00a0\u00bb380&#215;490&Prime; onclick=\u00a0\u00bbcustom_link\u00a0\u00bb img_link_target=\u00a0\u00bb_blank\u00a0\u00bb qode_css_animation=\u00a0\u00bb\u00a0\u00bb qode_hover_animation=\u00a0\u00bbzoom_in\u00a0\u00bb link=\u00a0\u00bbhttps:\/\/business.vogue.es\/tendencias\/articulos\/espacio-trabajo-decoracion-productividad-concentracion-rendimiento\/28&Prime;][vc_empty_space height=\u00a0\u00bb10px\u00a0\u00bb][vc_column_text]<b>VOGUE. 2019.<br \/>\n<\/b><span style=\"font-weight: 400;\">Jardins verticaux dans les bureaux\u00a0<\/span>[\/vc_column_text][vc_empty_space height=\u00a0\u00bb40px\u00a0\u00bb][\/vc_column_inner][vc_column_inner width=\u00a0\u00bb1\/3&Prime;][vc_single_image image=\u00a0\u00bb1390&Prime; img_size=\u00a0\u00bb380&#215;490&Prime; onclick=\u00a0\u00bblink_image\u00a0\u00bb qode_css_animation=\u00a0\u00bb\u00a0\u00bb qode_hover_animation=\u00a0\u00bbzoom_in\u00a0\u00bb][vc_empty_space height=\u00a0\u00bb10px\u00a0\u00bb][vc_column_text]<b>NUEVO ESTILO. 2017.<br \/>\n<\/b><span style=\"font-weight: 400;\">DecorAcci\u00f3n 2017<\/span>[\/vc_column_text][vc_empty_space height=\u00a0\u00bb40px\u00a0\u00bb][\/vc_column_inner][vc_column_inner width=\u00a0\u00bb1\/3&Prime;][vc_single_image image=\u00a0\u00bb1396&Prime; img_size=\u00a0\u00bb380&#215;490&Prime; onclick=\u00a0\u00bblink_image\u00a0\u00bb qode_css_animation=\u00a0\u00bb\u00a0\u00bb qode_hover_animation=\u00a0\u00bbzoom_in\u00a0\u00bb][vc_empty_space height=\u00a0\u00bb10px\u00a0\u00bb][vc_column_text]<b>NUEVO ESTILO. 2017.<br \/>\n<\/b><span style=\"font-weight: 400;\">DecorAcci\u00f3n 2017<\/span>[\/vc_column_text][vc_empty_space height=\u00a0\u00bb40px\u00a0\u00bb][\/vc_column_inner][\/vc_row_inner][vc_empty_space height=\u00a0\u00bb40px\u00a0\u00bb][vc_row_inner row_type=\u00a0\u00bbrow\u00a0\u00bb type=\u00a0\u00bbfull_width\u00a0\u00bb text_align=\u00a0\u00bbleft\u00a0\u00bb css_animation=\u00a0\u00bb\u00a0\u00bb][vc_column_inner width=\u00a0\u00bb1\/3&Prime;]<div class=\"qode_video_box\">\n\t<a itemprop=\"image\" class=\"qode_video_image\" href=\"https:\/\/youtu.be\/XPmE36SP_LQ\" data-rel=\"prettyPhoto\">\n\t\t\t\n\t\t\t<img src=\"https:\/\/www.flower-soul.com\/wp-content\/uploads\/2023\/09\/flash-moda-flowersoul.jpg\" \/>\n\t\t\t<span class=\"qode_video_box_button_holder\">\n\t\t\t\t<span class=\"qode_video_box_button\">\n\t\t\t\t\t<span class=\"qode_video_box_button_arrow\">\n\t\t\t\t\t<\/span>\n\t\t\t\t<\/span>\n\t\t\t<\/span>\n\t\t\t<\/a>\n<\/div>[vc_empty_space height=\u00a0\u00bb10px\u00a0\u00bb][vc_column_text]<strong>FLASH MODA TV . 2017.<\/strong>[\/vc_column_text][vc_empty_space height=\u00a0\u00bb40px\u00a0\u00bb][\/vc_column_inner][vc_column_inner width=\u00a0\u00bb1\/3&Prime;][\/vc_column_inner][vc_column_inner width=\u00a0\u00bb1\/3&Prime;][\/vc_column_inner][\/vc_row_inner][vc_empty_space height=\u00a0\u00bb40px\u00a0\u00bb][\/vc_column][\/vc_row][vc_row css_animation=\u00a0\u00bb\u00a0\u00bb row_type=\u00a0\u00bbrow\u00a0\u00bb use_row_as_full_screen_section=\u00a0\u00bbno\u00a0\u00bb type=\u00a0\u00bbfull_width\u00a0\u00bb angled_section=\u00a0\u00bbno\u00a0\u00bb text_align=\u00a0\u00bbleft\u00a0\u00bb background_image_as_pattern=\u00a0\u00bbwithout_pattern\u00a0\u00bb][vc_column][vc_empty_space height=\u00a0\u00bb120px\u00a0\u00bb][\/vc_column][\/vc_row]<\/p>\n<\/section>","protected":false},"excerpt":{"rendered":"<p>[vc_row css_animation=\u00a0\u00bb\u00a0\u00bb row_type=\u00a0\u00bbrow\u00a0\u00bb use_row_as_full_screen_section=\u00a0\u00bbno\u00a0\u00bb type=\u00a0\u00bbgrid\u00a0\u00bb angled_section=\u00a0\u00bbno\u00a0\u00bb text_align=\u00a0\u00bbleft\u00a0\u00bb background_image_as_pattern=\u00a0\u00bbwithout_pattern\u00a0\u00bb padding_top=\u00a0\u00bb70&Prime; padding_bottom=\u00a0\u00bb50&Prime; z_index=\u00a0\u00bb\u00a0\u00bb css=\u00a0\u00bb.vc_custom_1693295118050{margin-top: -60px !important;}\u00a0\u00bb][vc_column][vc_empty_space height=\u00a0\u00bb60px\u00a0\u00bb][vc_column_text] PRESS [\/vc_column_text][vc_empty_space height=\u00a0\u00bb60px\u00a0\u00bb][vc_row_inner row_type=\u00a0\u00bbrow\u00a0\u00bb type=\u00a0\u00bbgrid\u00a0\u00bb text_align=\u00a0\u00bbleft\u00a0\u00bb css_animation=\u00a0\u00bb\u00a0\u00bb][vc_column_inner width=\u00a0\u00bb1\/3&Prime;][vc_single_image image=\u00a0\u00bb1393&Prime; img_size=\u00a0\u00bb380&#215;490&Prime; onclick=\u00a0\u00bbcustom_link\u00a0\u00bb img_link_target=\u00a0\u00bb_blank\u00a0\u00bb qode_css_animation=\u00a0\u00bb\u00a0\u00bb qode_hover_animation=\u00a0\u00bbzoom_in\u00a0\u00bb link=\u00a0\u00bbhttps:\/\/business.vogue.es\/tendencias\/articulos\/espacio-trabajo-decoracion-productividad-concentracion-rendimiento\/28&Prime;][vc_empty_space height=\u00a0\u00bb10px\u00a0\u00bb][vc_column_text]VOGUE. 2019. Jardins verticaux dans les bureaux\u00a0[\/vc_column_text][vc_empty_space height=\u00a0\u00bb40px\u00a0\u00bb][\/vc_column_inner][vc_column_inner width=\u00a0\u00bb1\/3&Prime;][vc_single_image image=\u00a0\u00bb1390&Prime; img_size=\u00a0\u00bb380&#215;490&Prime; onclick=\u00a0\u00bblink_image\u00a0\u00bb qode_css_animation=\u00a0\u00bb\u00a0\u00bb qode_hover_animation=\u00a0\u00bbzoom_in\u00a0\u00bb][vc_empty_space height=\u00a0\u00bb10px\u00a0\u00bb][vc_column_text]NUEVO&#8230;<\/p>\n","protected":false},"author":1,"featured_media":0,"parent":0,"menu_order":0,"comment_status":"closed","ping_status":"closed","template":"full_width.php","meta":{"jetpack_post_was_ever_published":false,"footnotes":""},"yoast_head":"<!-- This site is optimized with the Yoast SEO plugin v22.5 - https:\/\/yoast.com\/wordpress\/plugins\/seo\/ -->\n<title>Press - publications - Flower Soul Studio<\/title>\n<meta name=\"description\" content=\"Presse - Flower Soul Studio - Exemples de publications avec nos services d&#039;am\u00e9nagement de jardins verticaux et d&#039;am\u00e9nagement int\u00e9rieur\" \/>\n<meta name=\"robots\" content=\"index, follow, max-snippet:-1, max-image-preview:large, max-video-preview:-1\" \/>\n<link rel=\"canonical\" href=\"https:\/\/www.flower-soul.com\/fr\/press\/\" \/>\n<meta property=\"og:locale\" content=\"fr_FR\" \/>\n<meta property=\"og:type\" content=\"article\" \/>\n<meta property=\"og:title\" content=\"Press - publications - Flower Soul Studio\" \/>\n<meta property=\"og:description\" content=\"Presse - Flower Soul Studio - Exemples de publications avec nos services d&#039;am\u00e9nagement de jardins verticaux et d&#039;am\u00e9nagement int\u00e9rieur\" \/>\n<meta property=\"og:url\" content=\"https:\/\/www.flower-soul.com\/fr\/press\/\" \/>\n<meta property=\"og:site_name\" content=\"Flower Soul\" \/>\n<meta property=\"article:modified_time\" content=\"2023-11-06T16:56:27+00:00\" \/>\n<meta name=\"twitter:card\" content=\"summary_large_image\" \/>\n<meta name=\"twitter:label1\" content=\"Dur\u00e9e de lecture estim\u00e9e\" \/>\n\t<meta name=\"twitter:data1\" content=\"1 minute\" \/>\n<script type=\"application\/ld+json\" class=\"yoast-schema-graph\">{\"@context\":\"https:\/\/schema.org\",\"@graph\":[{\"@type\":\"WebPage\",\"@id\":\"https:\/\/www.flower-soul.com\/fr\/press\/\",\"url\":\"https:\/\/www.flower-soul.com\/fr\/press\/\",\"name\":\"Press - publications - Flower Soul Studio\",\"isPartOf\":{\"@id\":\"https:\/\/www.flower-soul.com\/fr\/#website\"},\"datePublished\":\"2023-08-30T10:29:12+00:00\",\"dateModified\":\"2023-11-06T16:56:27+00:00\",\"description\":\"Presse - Flower Soul Studio - Exemples de publications avec nos services d'am\u00e9nagement de jardins verticaux et d'am\u00e9nagement int\u00e9rieur\",\"breadcrumb\":{\"@id\":\"https:\/\/www.flower-soul.com\/fr\/press\/#breadcrumb\"},\"inLanguage\":\"fr-FR\",\"potentialAction\":[{\"@type\":\"ReadAction\",\"target\":[\"https:\/\/www.flower-soul.com\/fr\/press\/\"]}]},{\"@type\":\"BreadcrumbList\",\"@id\":\"https:\/\/www.flower-soul.com\/fr\/press\/#breadcrumb\",\"itemListElement\":[{\"@type\":\"ListItem\",\"position\":1,\"name\":\"Portada\",\"item\":\"https:\/\/www.flower-soul.com\/fr\/\"},{\"@type\":\"ListItem\",\"position\":2,\"name\":\"Press\"}]},{\"@type\":\"WebSite\",\"@id\":\"https:\/\/www.flower-soul.com\/fr\/#website\",\"url\":\"https:\/\/www.flower-soul.com\/fr\/\",\"name\":\"Flower Soul\",\"description\":\"Jardines Verticales y Cuadros Vegetales\",\"potentialAction\":[{\"@type\":\"SearchAction\",\"target\":{\"@type\":\"EntryPoint\",\"urlTemplate\":\"https:\/\/www.flower-soul.com\/fr\/?s={search_term_string}\"},\"query-input\":\"required name=search_term_string\"}],\"inLanguage\":\"fr-FR\"}]}<\/script>\n<!-- \/ Yoast SEO plugin. -->","yoast_head_json":{"title":"Press - publications - Flower Soul Studio","description":"Presse - Flower Soul Studio - Exemples de publications avec nos services d'am\u00e9nagement de jardins verticaux et d'am\u00e9nagement int\u00e9rieur","robots":{"index":"index","follow":"follow","max-snippet":"max-snippet:-1","max-image-preview":"max-image-preview:large","max-video-preview":"max-video-preview:-1"},"canonical":"https:\/\/www.flower-soul.com\/fr\/press\/","og_locale":"fr_FR","og_type":"article","og_title":"Press - publications - Flower Soul Studio","og_description":"Presse - Flower Soul Studio - Exemples de publications avec nos services d'am\u00e9nagement de jardins verticaux et d'am\u00e9nagement int\u00e9rieur","og_url":"https:\/\/www.flower-soul.com\/fr\/press\/","og_site_name":"Flower Soul","article_modified_time":"2023-11-06T16:56:27+00:00","twitter_card":"summary_large_image","twitter_misc":{"Dur\u00e9e de lecture estim\u00e9e":"1 minute"},"schema":{"@context":"https:\/\/schema.org","@graph":[{"@type":"WebPage","@id":"https:\/\/www.flower-soul.com\/fr\/press\/","url":"https:\/\/www.flower-soul.com\/fr\/press\/","name":"Press - publications - Flower Soul Studio","isPartOf":{"@id":"https:\/\/www.flower-soul.com\/fr\/#website"},"datePublished":"2023-08-30T10:29:12+00:00","dateModified":"2023-11-06T16:56:27+00:00","description":"Presse - Flower Soul Studio - Exemples de publications avec nos services d'am\u00e9nagement de jardins verticaux et d'am\u00e9nagement int\u00e9rieur","breadcrumb":{"@id":"https:\/\/www.flower-soul.com\/fr\/press\/#breadcrumb"},"inLanguage":"fr-FR","potentialAction":[{"@type":"ReadAction","target":["https:\/\/www.flower-soul.com\/fr\/press\/"]}]},{"@type":"BreadcrumbList","@id":"https:\/\/www.flower-soul.com\/fr\/press\/#breadcrumb","itemListElement":[{"@type":"ListItem","position":1,"name":"Portada","item":"https:\/\/www.flower-soul.com\/fr\/"},{"@type":"ListItem","position":2,"name":"Press"}]},{"@type":"WebSite","@id":"https:\/\/www.flower-soul.com\/fr\/#website","url":"https:\/\/www.flower-soul.com\/fr\/","name":"Flower Soul","description":"Jardines Verticales y Cuadros Vegetales","potentialAction":[{"@type":"SearchAction","target":{"@type":"EntryPoint","urlTemplate":"https:\/\/www.flower-soul.com\/fr\/?s={search_term_string}"},"query-input":"required name=search_term_string"}],"inLanguage":"fr-FR"}]}},"jetpack_sharing_enabled":true,"jetpack_shortlink":"https:\/\/wp.me\/PaVqaq-ml","_links":{"self":[{"href":"https:\/\/www.flower-soul.com\/fr\/wp-json\/wp\/v2\/pages\/1385"}],"collection":[{"href":"https:\/\/www.flower-soul.com\/fr\/wp-json\/wp\/v2\/pages"}],"about":[{"href":"https:\/\/www.flower-soul.com\/fr\/wp-json\/wp\/v2\/types\/page"}],"author":[{"embeddable":true,"href":"https:\/\/www.flower-soul.com\/fr\/wp-json\/wp\/v2\/users\/1"}],"replies":[{"embeddable":true,"href":"https:\/\/www.flower-soul.com\/fr\/wp-json\/wp\/v2\/comments?post=1385"}],"version-history":[{"count":5,"href":"https:\/\/www.flower-soul.com\/fr\/wp-json\/wp\/v2\/pages\/1385\/revisions"}],"predecessor-version":[{"id":1789,"href":"https:\/\/www.flower-soul.com\/fr\/wp-json\/wp\/v2\/pages\/1385\/revisions\/1789"}],"wp:attachment":[{"href":"https:\/\/www.flower-soul.com\/fr\/wp-json\/wp\/v2\/media?parent=1385"}],"curies":[{"name":"wp","href":"https:\/\/api.w.org\/{rel}","templated":true}]}}