{"id":1434,"date":"2023-10-25T15:32:16","date_gmt":"2023-10-25T15:32:16","guid":{"rendered":"https:\/\/www.flower-soul.com\/?page_id=1434"},"modified":"2023-11-06T17:22:29","modified_gmt":"2023-11-06T17:22:29","slug":"jardins-verticaux-preserves","status":"publish","type":"page","link":"https:\/\/www.flower-soul.com\/fr\/jardins-verticaux\/jardins-verticaux-preserves\/","title":{"rendered":"JARDINS VERTICAUX &#8211; Interior"},"content":{"rendered":"<section class=\"wpb-content-wrapper\"><p>[vc_row css_animation=\u00a0\u00bb\u00a0\u00bb row_type=\u00a0\u00bbrow\u00a0\u00bb use_row_as_full_screen_section=\u00a0\u00bbno\u00a0\u00bb type=\u00a0\u00bbgrid\u00a0\u00bb angled_section=\u00a0\u00bbno\u00a0\u00bb text_align=\u00a0\u00bbleft\u00a0\u00bb background_image_as_pattern=\u00a0\u00bbwithout_pattern\u00a0\u00bb padding_top=\u00a0\u00bb70&Prime; padding_bottom=\u00a0\u00bb50&Prime; z_index=\u00a0\u00bb\u00a0\u00bb css=\u00a0\u00bb.vc_custom_1693295118050{margin-top: -60px !important;}\u00a0\u00bb][vc_column][vc_empty_space height=\u00a0\u00bb60px\u00a0\u00bb][vc_column_text]<\/p>\n<h1>JARDINS VERTICAUX \/ <span style=\"color: #bd0926;\">SERVICES<\/span><\/h1>\n<p>[\/vc_column_text][vc_empty_space height=\u00a0\u00bb60px\u00a0\u00bb][vc_column_text]<span style=\"font-weight: 400;\">Les jardins verticaux pr\u00e9serv\u00e9s sont une solution parfaite qui s&rsquo;adapte \u00e0 n&rsquo;importe quel espace int\u00e9rieur, pour tous ceux qui sont \u00e0 la recherche d&rsquo;options diff\u00e9rentes, naturelles et durables.\u00a0<\/span><\/p>\n<p><span style=\"font-weight: 400;\">Chez Flowersoul, nous cr\u00e9ons des jardins sur mesure adapt\u00e9s \u00e0 chaque projet, cherchant \u00e0 am\u00e9liorer la qualit\u00e9 de vie et le bien-\u00eatre dans les espaces int\u00e9rieurs.<\/span><\/p>\n<p><span style=\"font-weight: 400;\">Vous pouvez choisir entre 3 feuillages diff\u00e9rents (mousse plate, feuillage moyen et feuillage haut).\u00a0<\/span><\/p>\n<p><span style=\"font-weight: 400;\">Pour une conservation id\u00e9ale, il faut \u00e9viter les sources d&rsquo;humidit\u00e9 et l&rsquo;exposition directe au soleil.\u00a0<\/span><\/p>\n<p><span style=\"font-weight: 400;\">\u00c9tant donn\u00e9 que la v\u00e9g\u00e9tation utilis\u00e9e est enti\u00e8rement naturelle, leur aspect r\u00e9el ne peut \u00eatre compar\u00e9 \u00e0 aucun produit de synth\u00e8se. <\/span><\/p>\n<p><span style=\"font-weight: 400;\">N&rsquo;h\u00e9sitez pas \u00e0 nous contacter pour obtenir un devis personnalis\u00e9.<\/span>[\/vc_column_text][vc_empty_space height=\u00a0\u00bb40px\u00a0\u00bb][\/vc_column][\/vc_row][vc_row css_animation=\u00a0\u00bb\u00a0\u00bb row_type=\u00a0\u00bbrow\u00a0\u00bb use_row_as_full_screen_section=\u00a0\u00bbno\u00a0\u00bb type=\u00a0\u00bbgrid\u00a0\u00bb angled_section=\u00a0\u00bbno\u00a0\u00bb text_align=\u00a0\u00bbleft\u00a0\u00bb background_image_as_pattern=\u00a0\u00bbwithout_pattern\u00a0\u00bb padding_top=\u00a0\u00bb70&Prime; padding_bottom=\u00a0\u00bb50&Prime; z_index=\u00a0\u00bb\u00a0\u00bb css=\u00a0\u00bb.vc_custom_1693295118050{margin-top: -60px !important;}\u00a0\u00bb][vc_column][vc_column_text]<\/p>\n<h2>CONSEIL PERSONNALIS\u00c9<\/h2>\n<p>[\/vc_column_text][vc_empty_space height=\u00a0\u00bb60px\u00a0\u00bb][vc_column_text]<span style=\"font-weight: 400;\">Notre service cr\u00e9atif \u00e9tudie attentivement chaque projet.\u00a0<\/span><\/p>\n<p><span style=\"font-weight: 400;\">Nous vous conseillons sur la solution la plus appropri\u00e9e pour vous, selon les conditions et la typologie des espaces.\u00a0<\/span><\/p>\n<p><span style=\"font-weight: 400;\">Nous proposons la d\u00e9coration v\u00e9g\u00e9tale la plus adapt\u00e9e \u00e0 chaque espace et projet, en d\u00e9veloppant des propositions de mani\u00e8re int\u00e9grale, en collaborant avec les meilleurs professionnels dans chaque projet.\u00a0<\/span><\/p>\n<p><span style=\"font-weight: 400;\">Nous vous accompagnons de mani\u00e8re personnalis\u00e9e durant chacune des phases ; dans le processus cr\u00e9atif, pendant l&rsquo;ex\u00e9cution et dans un futur entretien, offrant proximit\u00e9, transparence et confiance \u00e0 nos clients.<\/span>[\/vc_column_text][vc_empty_space height=\u00a0\u00bb40px\u00a0\u00bb][\/vc_column][\/vc_row][vc_row css_animation=\u00a0\u00bb\u00a0\u00bb row_type=\u00a0\u00bbrow\u00a0\u00bb use_row_as_full_screen_section=\u00a0\u00bbno\u00a0\u00bb type=\u00a0\u00bbgrid\u00a0\u00bb angled_section=\u00a0\u00bbno\u00a0\u00bb text_align=\u00a0\u00bbleft\u00a0\u00bb background_image_as_pattern=\u00a0\u00bbwithout_pattern\u00a0\u00bb padding_top=\u00a0\u00bb70&Prime; padding_bottom=\u00a0\u00bb50&Prime; z_index=\u00a0\u00bb\u00a0\u00bb css=\u00a0\u00bb.vc_custom_1693295118050{margin-top: -60px !important;}\u00a0\u00bb][vc_column][vc_column_text]<\/p>\n<h2>CONCEPTION<\/h2>\n<p>[\/vc_column_text][vc_empty_space height=\u00a0\u00bb60px\u00a0\u00bb][vc_column_text]<span style=\"font-weight: 400;\">Nous r\u00e9alisons des propositions personnalis\u00e9es et sur mesure, en nous adaptant aux particularit\u00e9s de chaque lieu. <\/span><\/p>\n<p><span style=\"font-weight: 400;\">Nous concevons des jardins verticaux uniques, mais nous proposons \u00e9galement diff\u00e9rentes solutions d\u00e9coratives sur toutes sortes de murs et de surfaces ; sols, plafonds, jardini\u00e8res, luminaires, tout \u00e9l\u00e9ment d\u00e9coratif n\u00e9cessitant une personnalisation.\u00a0<\/span>[\/vc_column_text][vc_empty_space height=\u00a0\u00bb40px\u00a0\u00bb][vc_row_inner row_type=\u00a0\u00bbrow\u00a0\u00bb type=\u00a0\u00bbfull_width\u00a0\u00bb text_align=\u00a0\u00bbleft\u00a0\u00bb css_animation=\u00a0\u00bb\u00a0\u00bb][vc_column_inner width=\u00a0\u00bb1\/3&Prime;][vc_single_image image=\u00a0\u00bb1262&Prime; img_size=\u00a0\u00bblarge\u00a0\u00bb alignment=\u00a0\u00bbcenter\u00a0\u00bb qode_css_animation=\u00a0\u00bbelement_from_top\u00a0\u00bb qode_hover_animation=\u00a0\u00bbzoom_in\u00a0\u00bb][vc_empty_space height=\u00a0\u00bb40px\u00a0\u00bb][\/vc_column_inner][vc_column_inner width=\u00a0\u00bb1\/3&Prime;][vc_single_image image=\u00a0\u00bb1445&Prime; img_size=\u00a0\u00bblarge\u00a0\u00bb alignment=\u00a0\u00bbcenter\u00a0\u00bb qode_css_animation=\u00a0\u00bbelement_from_top\u00a0\u00bb qode_hover_animation=\u00a0\u00bbzoom_in\u00a0\u00bb][vc_empty_space height=\u00a0\u00bb40px\u00a0\u00bb][\/vc_column_inner][vc_column_inner width=\u00a0\u00bb1\/3&Prime;][vc_single_image image=\u00a0\u00bb1442&Prime; img_size=\u00a0\u00bblarge\u00a0\u00bb alignment=\u00a0\u00bbcenter\u00a0\u00bb qode_css_animation=\u00a0\u00bbelement_from_top\u00a0\u00bb qode_hover_animation=\u00a0\u00bbzoom_in\u00a0\u00bb][vc_empty_space height=\u00a0\u00bb40px\u00a0\u00bb][\/vc_column_inner][\/vc_row_inner][\/vc_column][\/vc_row][vc_row css_animation=\u00a0\u00bb\u00a0\u00bb row_type=\u00a0\u00bbrow\u00a0\u00bb use_row_as_full_screen_section=\u00a0\u00bbno\u00a0\u00bb type=\u00a0\u00bbgrid\u00a0\u00bb angled_section=\u00a0\u00bbno\u00a0\u00bb text_align=\u00a0\u00bbleft\u00a0\u00bb background_image_as_pattern=\u00a0\u00bbwithout_pattern\u00a0\u00bb padding_top=\u00a0\u00bb70&Prime; padding_bottom=\u00a0\u00bb50&Prime; z_index=\u00a0\u00bb\u00a0\u00bb css=\u00a0\u00bb.vc_custom_1693295118050{margin-top: -60px !important;}\u00a0\u00bb][vc_column][vc_column_text]<\/p>\n<h2>PRODUCTION<\/h2>\n<p>[\/vc_column_text][vc_empty_space height=\u00a0\u00bb60px\u00a0\u00bb][vc_column_text]<span style=\"font-weight: 400;\">Chaque composition v\u00e9g\u00e9tale est le r\u00e9sultat d&rsquo;un savoir-faire minutieux. Chaque jardin est une pi\u00e8ce unique, r\u00e9alis\u00e9e \u00e0 la main, avec des produits de haute qualit\u00e9, qui garantissent le meilleur r\u00e9sultat dans chacune de nos productions, formes et finitions.<\/span>[\/vc_column_text][vc_empty_space height=\u00a0\u00bb40px\u00a0\u00bb][vc_row_inner row_type=\u00a0\u00bbrow\u00a0\u00bb type=\u00a0\u00bbfull_width\u00a0\u00bb text_align=\u00a0\u00bbleft\u00a0\u00bb css_animation=\u00a0\u00bb\u00a0\u00bb][vc_column_inner width=\u00a0\u00bb1\/3&Prime;][vc_single_image image=\u00a0\u00bb1454&Prime; img_size=\u00a0\u00bblarge\u00a0\u00bb alignment=\u00a0\u00bbcenter\u00a0\u00bb qode_css_animation=\u00a0\u00bbelement_from_top\u00a0\u00bb qode_hover_animation=\u00a0\u00bbzoom_in\u00a0\u00bb][vc_empty_space height=\u00a0\u00bb40px\u00a0\u00bb][\/vc_column_inner][vc_column_inner width=\u00a0\u00bb1\/3&Prime;][vc_single_image image=\u00a0\u00bb1457&Prime; img_size=\u00a0\u00bblarge\u00a0\u00bb alignment=\u00a0\u00bbcenter\u00a0\u00bb qode_css_animation=\u00a0\u00bbelement_from_top\u00a0\u00bb qode_hover_animation=\u00a0\u00bbzoom_in\u00a0\u00bb][vc_empty_space height=\u00a0\u00bb40px\u00a0\u00bb][\/vc_column_inner][vc_column_inner width=\u00a0\u00bb1\/3&Prime;][vc_single_image image=\u00a0\u00bb1460&Prime; img_size=\u00a0\u00bblarge\u00a0\u00bb alignment=\u00a0\u00bbcenter\u00a0\u00bb qode_css_animation=\u00a0\u00bbelement_from_top\u00a0\u00bb qode_hover_animation=\u00a0\u00bbzoom_in\u00a0\u00bb][vc_empty_space height=\u00a0\u00bb40px\u00a0\u00bb][\/vc_column_inner][\/vc_row_inner][\/vc_column][\/vc_row][vc_row css_animation=\u00a0\u00bb\u00a0\u00bb row_type=\u00a0\u00bbrow\u00a0\u00bb use_row_as_full_screen_section=\u00a0\u00bbno\u00a0\u00bb type=\u00a0\u00bbgrid\u00a0\u00bb angled_section=\u00a0\u00bbno\u00a0\u00bb text_align=\u00a0\u00bbleft\u00a0\u00bb background_image_as_pattern=\u00a0\u00bbwithout_pattern\u00a0\u00bb padding_top=\u00a0\u00bb70&Prime; padding_bottom=\u00a0\u00bb50&Prime; z_index=\u00a0\u00bb\u00a0\u00bb css=\u00a0\u00bb.vc_custom_1693295118050{margin-top: -60px !important;}\u00a0\u00bb][vc_column][vc_column_text]<\/p>\n<h2>FACILIT\u00c9<\/h2>\n<p>[\/vc_column_text][vc_empty_space height=\u00a0\u00bb60px\u00a0\u00bb][vc_column_text]<span style=\"font-weight: 400;\">Pour optimiser les processus, nous fabriquons nos jardins verticaux pr\u00e9serv\u00e9s avec des syst\u00e8mes faciles \u00e0 assembler, en s&rsquo;adaptant toujours aux murs et aux supports d&rsquo;ancrage existants dans chaque emplacement.<\/span>[\/vc_column_text][vc_empty_space height=\u00a0\u00bb40px\u00a0\u00bb][vc_row_inner row_type=\u00a0\u00bbrow\u00a0\u00bb type=\u00a0\u00bbfull_width\u00a0\u00bb text_align=\u00a0\u00bbleft\u00a0\u00bb css_animation=\u00a0\u00bb\u00a0\u00bb][vc_column_inner width=\u00a0\u00bb1\/5&Prime;][vc_single_image image=\u00a0\u00bb1463&Prime; img_size=\u00a0\u00bb300&#215;400&Prime; alignment=\u00a0\u00bbcenter\u00a0\u00bb qode_css_animation=\u00a0\u00bbelement_from_top\u00a0\u00bb qode_hover_animation=\u00a0\u00bbzoom_in\u00a0\u00bb][vc_empty_space height=\u00a0\u00bb40px\u00a0\u00bb][\/vc_column_inner][vc_column_inner width=\u00a0\u00bb1\/5&Prime;][vc_single_image image=\u00a0\u00bb1466&Prime; img_size=\u00a0\u00bb300&#215;400&Prime; alignment=\u00a0\u00bbcenter\u00a0\u00bb qode_css_animation=\u00a0\u00bbelement_from_top\u00a0\u00bb qode_hover_animation=\u00a0\u00bbzoom_in\u00a0\u00bb][vc_empty_space height=\u00a0\u00bb40px\u00a0\u00bb][\/vc_column_inner][vc_column_inner width=\u00a0\u00bb1\/5&Prime;][vc_single_image image=\u00a0\u00bb1469&Prime; img_size=\u00a0\u00bb300&#215;400&Prime; alignment=\u00a0\u00bbcenter\u00a0\u00bb qode_css_animation=\u00a0\u00bbelement_from_top\u00a0\u00bb qode_hover_animation=\u00a0\u00bbzoom_in\u00a0\u00bb][vc_empty_space height=\u00a0\u00bb40px\u00a0\u00bb][\/vc_column_inner][vc_column_inner width=\u00a0\u00bb1\/5&Prime;][vc_single_image image=\u00a0\u00bb1472&Prime; img_size=\u00a0\u00bb300&#215;400&Prime; alignment=\u00a0\u00bbcenter\u00a0\u00bb qode_css_animation=\u00a0\u00bbelement_from_top\u00a0\u00bb qode_hover_animation=\u00a0\u00bbzoom_in\u00a0\u00bb][vc_empty_space height=\u00a0\u00bb40px\u00a0\u00bb][\/vc_column_inner][vc_column_inner width=\u00a0\u00bb1\/5&Prime;][vc_single_image image=\u00a0\u00bb1475&Prime; img_size=\u00a0\u00bb300&#215;400&Prime; alignment=\u00a0\u00bbcenter\u00a0\u00bb qode_css_animation=\u00a0\u00bbelement_from_top\u00a0\u00bb qode_hover_animation=\u00a0\u00bbzoom_in\u00a0\u00bb][vc_empty_space height=\u00a0\u00bb40px\u00a0\u00bb][\/vc_column_inner][\/vc_row_inner][\/vc_column][\/vc_row][vc_row css_animation=\u00a0\u00bb\u00a0\u00bb row_type=\u00a0\u00bbrow\u00a0\u00bb use_row_as_full_screen_section=\u00a0\u00bbno\u00a0\u00bb type=\u00a0\u00bbgrid\u00a0\u00bb angled_section=\u00a0\u00bbno\u00a0\u00bb text_align=\u00a0\u00bbleft\u00a0\u00bb background_image_as_pattern=\u00a0\u00bbwithout_pattern\u00a0\u00bb padding_top=\u00a0\u00bb70&Prime; padding_bottom=\u00a0\u00bb50&Prime; z_index=\u00a0\u00bb\u00a0\u00bb css=\u00a0\u00bb.vc_custom_1693295118050{margin-top: -60px !important;}\u00a0\u00bb][vc_column][vc_column_text]<\/p>\n<h2>ENTRETIEN<\/h2>\n<p>[\/vc_column_text][vc_empty_space height=\u00a0\u00bb60px\u00a0\u00bb][vc_column_text]<span style=\"font-weight: 400;\">Une fois nos cr\u00e9ations v\u00e9g\u00e9tales install\u00e9es dans les diff\u00e9rents espaces, nous offrons le maximum de garanties de service et de suivi apr\u00e8s-vente. <\/span><\/p>\n<p><span style=\"font-weight: 400;\">Nous offrons \u00e0 nos clients la possibilit\u00e9 de contr\u00f4les et d&rsquo;entretien ponctuels, en effectuant une visite de supervision pour le remplacement ult\u00e9rieur des plantes et le nettoyage g\u00e9n\u00e9ral des jardins, afin de toujours les maintenir en parfait \u00e9tat.\u00a0<\/span>[\/vc_column_text][vc_empty_space height=\u00a0\u00bb40px\u00a0\u00bb][vc_row_inner row_type=\u00a0\u00bbrow\u00a0\u00bb type=\u00a0\u00bbfull_width\u00a0\u00bb text_align=\u00a0\u00bbleft\u00a0\u00bb css_animation=\u00a0\u00bb\u00a0\u00bb][vc_column_inner width=\u00a0\u00bb1\/3&Prime;][vc_single_image image=\u00a0\u00bb1450&Prime; img_size=\u00a0\u00bblarge\u00a0\u00bb alignment=\u00a0\u00bbcenter\u00a0\u00bb qode_css_animation=\u00a0\u00bbelement_from_top\u00a0\u00bb qode_hover_animation=\u00a0\u00bbzoom_in\u00a0\u00bb][vc_empty_space height=\u00a0\u00bb40px\u00a0\u00bb][\/vc_column_inner][vc_column_inner width=\u00a0\u00bb1\/3&Prime;][\/vc_column_inner][vc_column_inner width=\u00a0\u00bb1\/3&Prime;][vc_empty_space height=\u00a0\u00bb40px\u00a0\u00bb][\/vc_column_inner][\/vc_row_inner][\/vc_column][\/vc_row][vc_row css_animation=\u00a0\u00bb\u00a0\u00bb row_type=\u00a0\u00bbrow\u00a0\u00bb use_row_as_full_screen_section=\u00a0\u00bbno\u00a0\u00bb type=\u00a0\u00bbfull_width\u00a0\u00bb angled_section=\u00a0\u00bbno\u00a0\u00bb text_align=\u00a0\u00bbleft\u00a0\u00bb background_image_as_pattern=\u00a0\u00bbwithout_pattern\u00a0\u00bb][vc_column][vc_empty_space height=\u00a0\u00bb120px\u00a0\u00bb][\/vc_column][\/vc_row]<\/p>\n<\/section>","protected":false},"excerpt":{"rendered":"<p>[vc_row css_animation=\u00a0\u00bb\u00a0\u00bb row_type=\u00a0\u00bbrow\u00a0\u00bb use_row_as_full_screen_section=\u00a0\u00bbno\u00a0\u00bb type=\u00a0\u00bbgrid\u00a0\u00bb angled_section=\u00a0\u00bbno\u00a0\u00bb text_align=\u00a0\u00bbleft\u00a0\u00bb background_image_as_pattern=\u00a0\u00bbwithout_pattern\u00a0\u00bb padding_top=\u00a0\u00bb70&Prime; padding_bottom=\u00a0\u00bb50&Prime; z_index=\u00a0\u00bb\u00a0\u00bb css=\u00a0\u00bb.vc_custom_1693295118050{margin-top: -60px !important;}\u00a0\u00bb][vc_column][vc_empty_space height=\u00a0\u00bb60px\u00a0\u00bb][vc_column_text] JARDINS VERTICAUX \/ SERVICES [\/vc_column_text][vc_empty_space height=\u00a0\u00bb60px\u00a0\u00bb][vc_column_text]Les jardins verticaux pr\u00e9serv\u00e9s sont une solution parfaite qui s&rsquo;adapte \u00e0 n&rsquo;importe quel espace int\u00e9rieur, pour tous ceux qui sont \u00e0 la recherche d&rsquo;options diff\u00e9rentes,&#8230;<\/p>\n","protected":false},"author":1,"featured_media":0,"parent":1352,"menu_order":0,"comment_status":"closed","ping_status":"closed","template":"full_width.php","meta":{"jetpack_post_was_ever_published":false,"footnotes":""},"yoast_head":"<!-- This site is optimized with the Yoast SEO plugin v22.5 - https:\/\/yoast.com\/wordpress\/plugins\/seo\/ -->\n<title>Jardins verticaux avec fleurs et plantes stabilis\u00e9es \u00e0 Madrid<\/title>\n<meta name=\"description\" content=\"Flower Soul Studio con\u00e7oit, produit et entretient des jardins verticaux pr\u00e9serv\u00e9s dans nos propositions pour diff\u00e9rents espaces\" \/>\n<meta name=\"robots\" content=\"index, follow, max-snippet:-1, max-image-preview:large, max-video-preview:-1\" \/>\n<link rel=\"canonical\" href=\"https:\/\/www.flower-soul.com\/fr\/jardins-verticaux\/jardins-verticaux-preserves\/\" \/>\n<meta property=\"og:locale\" content=\"fr_FR\" \/>\n<meta property=\"og:type\" content=\"article\" \/>\n<meta property=\"og:title\" content=\"Jardins verticaux avec fleurs et plantes stabilis\u00e9es \u00e0 Madrid\" \/>\n<meta property=\"og:description\" content=\"Flower Soul Studio con\u00e7oit, produit et entretient des jardins verticaux pr\u00e9serv\u00e9s dans nos propositions pour diff\u00e9rents espaces\" \/>\n<meta property=\"og:url\" content=\"https:\/\/www.flower-soul.com\/fr\/jardins-verticaux\/jardins-verticaux-preserves\/\" \/>\n<meta property=\"og:site_name\" content=\"Flower Soul\" \/>\n<meta property=\"article:modified_time\" content=\"2023-11-06T17:22:29+00:00\" \/>\n<meta name=\"twitter:card\" content=\"summary_large_image\" \/>\n<meta name=\"twitter:label1\" content=\"Dur\u00e9e de lecture estim\u00e9e\" \/>\n\t<meta name=\"twitter:data1\" content=\"3 minutes\" \/>\n<script type=\"application\/ld+json\" class=\"yoast-schema-graph\">{\"@context\":\"https:\/\/schema.org\",\"@graph\":[{\"@type\":\"WebPage\",\"@id\":\"https:\/\/www.flower-soul.com\/fr\/jardins-verticaux\/jardins-verticaux-preserves\/\",\"url\":\"https:\/\/www.flower-soul.com\/fr\/jardins-verticaux\/jardins-verticaux-preserves\/\",\"name\":\"Jardins verticaux avec fleurs et plantes stabilis\u00e9es \u00e0 Madrid\",\"isPartOf\":{\"@id\":\"https:\/\/www.flower-soul.com\/fr\/#website\"},\"datePublished\":\"2023-10-25T15:32:16+00:00\",\"dateModified\":\"2023-11-06T17:22:29+00:00\",\"description\":\"Flower Soul Studio con\u00e7oit, produit et entretient des jardins verticaux pr\u00e9serv\u00e9s dans nos propositions pour diff\u00e9rents espaces\",\"breadcrumb\":{\"@id\":\"https:\/\/www.flower-soul.com\/fr\/jardins-verticaux\/jardins-verticaux-preserves\/#breadcrumb\"},\"inLanguage\":\"fr-FR\",\"potentialAction\":[{\"@type\":\"ReadAction\",\"target\":[\"https:\/\/www.flower-soul.com\/fr\/jardins-verticaux\/jardins-verticaux-preserves\/\"]}]},{\"@type\":\"BreadcrumbList\",\"@id\":\"https:\/\/www.flower-soul.com\/fr\/jardins-verticaux\/jardins-verticaux-preserves\/#breadcrumb\",\"itemListElement\":[{\"@type\":\"ListItem\",\"position\":1,\"name\":\"Portada\",\"item\":\"https:\/\/www.flower-soul.com\/fr\/\"},{\"@type\":\"ListItem\",\"position\":2,\"name\":\"Jardins verticaux\",\"item\":\"https:\/\/www.flower-soul.com\/fr\/jardins-verticaux\/\"},{\"@type\":\"ListItem\",\"position\":3,\"name\":\"JARDINS VERTICAUX &#8211; Interior\"}]},{\"@type\":\"WebSite\",\"@id\":\"https:\/\/www.flower-soul.com\/fr\/#website\",\"url\":\"https:\/\/www.flower-soul.com\/fr\/\",\"name\":\"Flower Soul\",\"description\":\"Jardines Verticales y Cuadros Vegetales\",\"potentialAction\":[{\"@type\":\"SearchAction\",\"target\":{\"@type\":\"EntryPoint\",\"urlTemplate\":\"https:\/\/www.flower-soul.com\/fr\/?s={search_term_string}\"},\"query-input\":\"required name=search_term_string\"}],\"inLanguage\":\"fr-FR\"}]}<\/script>\n<!-- \/ Yoast SEO plugin. -->","yoast_head_json":{"title":"Jardins verticaux avec fleurs et plantes stabilis\u00e9es \u00e0 Madrid","description":"Flower Soul Studio con\u00e7oit, produit et entretient des jardins verticaux pr\u00e9serv\u00e9s dans nos propositions pour diff\u00e9rents espaces","robots":{"index":"index","follow":"follow","max-snippet":"max-snippet:-1","max-image-preview":"max-image-preview:large","max-video-preview":"max-video-preview:-1"},"canonical":"https:\/\/www.flower-soul.com\/fr\/jardins-verticaux\/jardins-verticaux-preserves\/","og_locale":"fr_FR","og_type":"article","og_title":"Jardins verticaux avec fleurs et plantes stabilis\u00e9es \u00e0 Madrid","og_description":"Flower Soul Studio con\u00e7oit, produit et entretient des jardins verticaux pr\u00e9serv\u00e9s dans nos propositions pour diff\u00e9rents espaces","og_url":"https:\/\/www.flower-soul.com\/fr\/jardins-verticaux\/jardins-verticaux-preserves\/","og_site_name":"Flower Soul","article_modified_time":"2023-11-06T17:22:29+00:00","twitter_card":"summary_large_image","twitter_misc":{"Dur\u00e9e de lecture estim\u00e9e":"3 minutes"},"schema":{"@context":"https:\/\/schema.org","@graph":[{"@type":"WebPage","@id":"https:\/\/www.flower-soul.com\/fr\/jardins-verticaux\/jardins-verticaux-preserves\/","url":"https:\/\/www.flower-soul.com\/fr\/jardins-verticaux\/jardins-verticaux-preserves\/","name":"Jardins verticaux avec fleurs et plantes stabilis\u00e9es \u00e0 Madrid","isPartOf":{"@id":"https:\/\/www.flower-soul.com\/fr\/#website"},"datePublished":"2023-10-25T15:32:16+00:00","dateModified":"2023-11-06T17:22:29+00:00","description":"Flower Soul Studio con\u00e7oit, produit et entretient des jardins verticaux pr\u00e9serv\u00e9s dans nos propositions pour diff\u00e9rents espaces","breadcrumb":{"@id":"https:\/\/www.flower-soul.com\/fr\/jardins-verticaux\/jardins-verticaux-preserves\/#breadcrumb"},"inLanguage":"fr-FR","potentialAction":[{"@type":"ReadAction","target":["https:\/\/www.flower-soul.com\/fr\/jardins-verticaux\/jardins-verticaux-preserves\/"]}]},{"@type":"BreadcrumbList","@id":"https:\/\/www.flower-soul.com\/fr\/jardins-verticaux\/jardins-verticaux-preserves\/#breadcrumb","itemListElement":[{"@type":"ListItem","position":1,"name":"Portada","item":"https:\/\/www.flower-soul.com\/fr\/"},{"@type":"ListItem","position":2,"name":"Jardins verticaux","item":"https:\/\/www.flower-soul.com\/fr\/jardins-verticaux\/"},{"@type":"ListItem","position":3,"name":"JARDINS VERTICAUX &#8211; Interior"}]},{"@type":"WebSite","@id":"https:\/\/www.flower-soul.com\/fr\/#website","url":"https:\/\/www.flower-soul.com\/fr\/","name":"Flower Soul","description":"Jardines Verticales y Cuadros Vegetales","potentialAction":[{"@type":"SearchAction","target":{"@type":"EntryPoint","urlTemplate":"https:\/\/www.flower-soul.com\/fr\/?s={search_term_string}"},"query-input":"required name=search_term_string"}],"inLanguage":"fr-FR"}]}},"jetpack_sharing_enabled":true,"jetpack_shortlink":"https:\/\/wp.me\/PaVqaq-n8","_links":{"self":[{"href":"https:\/\/www.flower-soul.com\/fr\/wp-json\/wp\/v2\/pages\/1434"}],"collection":[{"href":"https:\/\/www.flower-soul.com\/fr\/wp-json\/wp\/v2\/pages"}],"about":[{"href":"https:\/\/www.flower-soul.com\/fr\/wp-json\/wp\/v2\/types\/page"}],"author":[{"embeddable":true,"href":"https:\/\/www.flower-soul.com\/fr\/wp-json\/wp\/v2\/users\/1"}],"replies":[{"embeddable":true,"href":"https:\/\/www.flower-soul.com\/fr\/wp-json\/wp\/v2\/comments?post=1434"}],"version-history":[{"count":6,"href":"https:\/\/www.flower-soul.com\/fr\/wp-json\/wp\/v2\/pages\/1434\/revisions"}],"predecessor-version":[{"id":1796,"href":"https:\/\/www.flower-soul.com\/fr\/wp-json\/wp\/v2\/pages\/1434\/revisions\/1796"}],"up":[{"embeddable":true,"href":"https:\/\/www.flower-soul.com\/fr\/wp-json\/wp\/v2\/pages\/1352"}],"wp:attachment":[{"href":"https:\/\/www.flower-soul.com\/fr\/wp-json\/wp\/v2\/media?parent=1434"}],"curies":[{"name":"wp","href":"https:\/\/api.w.org\/{rel}","templated":true}]}}