{"id":723,"date":"2018-06-14T11:19:28","date_gmt":"2018-06-14T11:19:28","guid":{"rendered":"https:\/\/www.flower-soul.com\/?page_id=723"},"modified":"2023-11-17T11:12:27","modified_gmt":"2023-11-17T11:12:27","slug":"qui-sommes-nous","status":"publish","type":"page","link":"https:\/\/www.flower-soul.com\/fr\/qui-sommes-nous\/","title":{"rendered":"QUI SOMMES-NOUS"},"content":{"rendered":"<section class=\"wpb-content-wrapper\"><p>[vc_row css_animation=\u00a0\u00bb\u00a0\u00bb row_type=\u00a0\u00bbrow\u00a0\u00bb use_row_as_full_screen_section=\u00a0\u00bbno\u00a0\u00bb type=\u00a0\u00bbgrid\u00a0\u00bb angled_section=\u00a0\u00bbno\u00a0\u00bb text_align=\u00a0\u00bbleft\u00a0\u00bb background_image_as_pattern=\u00a0\u00bbwithout_pattern\u00a0\u00bb padding_top=\u00a0\u00bb70&Prime; padding_bottom=\u00a0\u00bb50&Prime; z_index=\u00a0\u00bb\u00a0\u00bb][vc_column][vc_column_text]<\/p>\n<h1>QUI SOMMES-NOUS<\/h1>\n<p>[\/vc_column_text][vc_empty_space height=\u00a0\u00bb60px\u00a0\u00bb][vc_column_text]<\/p>\n<p class=\"m_-7707170869071912021m_5229771320635675451MsoPlainText\">L\u2019\u00e9quipe Flowersoul est dirig\u00e9e par Gemma et Ruth Rubio.<\/p>\n<p class=\"m_-7707170869071912021m_5229771320635675451MsoPlainText\">Nous partageons notre temps et nos projets entre l\u2019Espagne et la France.<\/p>\n<p class=\"m_-7707170869071912021m_5229771320635675451MsoPlainText\">Cela fait plus de 20 ans que nous consacrons au monde de la d\u00e9coration d&rsquo;int\u00e9rieur, de l&rsquo;art floral et de la r\u00e9alisation d&rsquo;\u00e9v\u00e9nements d&rsquo;entreprise.<\/p>\n<p class=\"m_-7707170869071912021m_5229771320635675451MsoPlainText\">La combinaison de ces disciplines a rendu possible l\u2019application et l\u2019ex\u00e9cution de tous nos projets de fa\u00e7on int\u00e9grale et personnalis\u00e9e.<\/p>\n<p class=\"m_-7707170869071912021m_5229771320635675451MsoPlainText\">Flowersoul est n\u00e9e gr\u00e2ce \u00e0 la volont\u00e9 de rapprocher la nature de notre espace urbain en le rendant plus vif, durable et unique.<\/p>\n<p>[\/vc_column_text][vc_empty_space height=\u00a0\u00bb40px\u00a0\u00bb][vc_row_inner row_type=\u00a0\u00bbrow\u00a0\u00bb type=\u00a0\u00bbfull_width\u00a0\u00bb text_align=\u00a0\u00bbleft\u00a0\u00bb css_animation=\u00a0\u00bb\u00a0\u00bb][vc_column_inner width=\u00a0\u00bb2\/4&Prime;]<a  itemprop=\"url\" href=\"https:\/\/www.flower-soul.com\/fr\/presse\/\" target=\"_self\" data-hover-border-color=#333333 data-hover-color=#ffffff class=\"qbutton  small default\" style=\"color: #333333; border-color: #333333; background-color: #ffffff;\">Apparitions dans la presse<\/a>[vc_empty_space height=\u00a0\u00bb40px\u00a0\u00bb][\/vc_column_inner][vc_column_inner width=\u00a0\u00bb1\/4&Prime;][vc_single_image image=\u00a0\u00bb1130&Prime; img_size=\u00a0\u00bblarge\u00a0\u00bb alignment=\u00a0\u00bbcenter\u00a0\u00bb qode_css_animation=\u00a0\u00bb\u00a0\u00bb qode_hover_animation=\u00a0\u00bbzoom_in\u00a0\u00bb][vc_empty_space height=\u00a0\u00bb40px\u00a0\u00bb][\/vc_column_inner][vc_column_inner width=\u00a0\u00bb1\/4&Prime;][vc_single_image image=\u00a0\u00bb1133&Prime; img_size=\u00a0\u00bblarge\u00a0\u00bb alignment=\u00a0\u00bbcenter\u00a0\u00bb qode_css_animation=\u00a0\u00bb\u00a0\u00bb qode_hover_animation=\u00a0\u00bbzoom_in\u00a0\u00bb][vc_empty_space height=\u00a0\u00bb40px\u00a0\u00bb][\/vc_column_inner][\/vc_row_inner][\/vc_column][\/vc_row]<\/p>\n<\/section>","protected":false},"excerpt":{"rendered":"<p>[vc_row css_animation=\u00a0\u00bb\u00a0\u00bb row_type=\u00a0\u00bbrow\u00a0\u00bb use_row_as_full_screen_section=\u00a0\u00bbno\u00a0\u00bb type=\u00a0\u00bbgrid\u00a0\u00bb angled_section=\u00a0\u00bbno\u00a0\u00bb text_align=\u00a0\u00bbleft\u00a0\u00bb background_image_as_pattern=\u00a0\u00bbwithout_pattern\u00a0\u00bb padding_top=\u00a0\u00bb70&Prime; padding_bottom=\u00a0\u00bb50&Prime; z_index=\u00a0\u00bb\u00a0\u00bb][vc_column][vc_column_text] QUI SOMMES-NOUS [\/vc_column_text][vc_empty_space height=\u00a0\u00bb60px\u00a0\u00bb][vc_column_text] L\u2019\u00e9quipe Flowersoul est dirig\u00e9e par Gemma et Ruth Rubio. Nous partageons notre temps et nos projets entre l\u2019Espagne et la France. Cela fait plus de 20 ans que nous consacrons&#8230;<\/p>\n","protected":false},"author":1,"featured_media":0,"parent":0,"menu_order":0,"comment_status":"closed","ping_status":"closed","template":"full_width.php","meta":{"jetpack_post_was_ever_published":false,"footnotes":""},"yoast_head":"<!-- This site is optimized with the Yoast SEO plugin v22.5 - https:\/\/yoast.com\/wordpress\/plugins\/seo\/ -->\n<title>QUI SOMMES-NOUS - Flower Soul -<\/title>\n<meta name=\"description\" content=\"20 ans que nous consacrons au monde de la d\u00e9coration d&#039;int\u00e9rieur, de l&#039;art floral et de la r\u00e9alisation d&#039;\u00e9v\u00e9nements d&#039;entreprise.\" \/>\n<meta name=\"robots\" content=\"index, follow, max-snippet:-1, max-image-preview:large, max-video-preview:-1\" \/>\n<link rel=\"canonical\" href=\"https:\/\/www.flower-soul.com\/fr\/qui-sommes-nous\/\" \/>\n<meta property=\"og:locale\" content=\"fr_FR\" \/>\n<meta property=\"og:type\" content=\"article\" \/>\n<meta property=\"og:title\" content=\"QUI SOMMES-NOUS - Flower Soul -\" \/>\n<meta property=\"og:description\" content=\"20 ans que nous consacrons au monde de la d\u00e9coration d&#039;int\u00e9rieur, de l&#039;art floral et de la r\u00e9alisation d&#039;\u00e9v\u00e9nements d&#039;entreprise.\" \/>\n<meta property=\"og:url\" content=\"https:\/\/www.flower-soul.com\/fr\/qui-sommes-nous\/\" \/>\n<meta property=\"og:site_name\" content=\"Flower Soul\" \/>\n<meta property=\"article:modified_time\" content=\"2023-11-17T11:12:27+00:00\" \/>\n<meta name=\"twitter:card\" content=\"summary_large_image\" \/>\n<meta name=\"twitter:label1\" content=\"Dur\u00e9e de lecture estim\u00e9e\" \/>\n\t<meta name=\"twitter:data1\" content=\"1 minute\" \/>\n<script type=\"application\/ld+json\" class=\"yoast-schema-graph\">{\"@context\":\"https:\/\/schema.org\",\"@graph\":[{\"@type\":\"WebPage\",\"@id\":\"https:\/\/www.flower-soul.com\/fr\/qui-sommes-nous\/\",\"url\":\"https:\/\/www.flower-soul.com\/fr\/qui-sommes-nous\/\",\"name\":\"QUI SOMMES-NOUS - Flower Soul -\",\"isPartOf\":{\"@id\":\"https:\/\/www.flower-soul.com\/fr\/#website\"},\"datePublished\":\"2018-06-14T11:19:28+00:00\",\"dateModified\":\"2023-11-17T11:12:27+00:00\",\"description\":\"20 ans que nous consacrons au monde de la d\u00e9coration d'int\u00e9rieur, de l'art floral et de la r\u00e9alisation d'\u00e9v\u00e9nements d'entreprise.\",\"breadcrumb\":{\"@id\":\"https:\/\/www.flower-soul.com\/fr\/qui-sommes-nous\/#breadcrumb\"},\"inLanguage\":\"fr-FR\",\"potentialAction\":[{\"@type\":\"ReadAction\",\"target\":[\"https:\/\/www.flower-soul.com\/fr\/qui-sommes-nous\/\"]}]},{\"@type\":\"BreadcrumbList\",\"@id\":\"https:\/\/www.flower-soul.com\/fr\/qui-sommes-nous\/#breadcrumb\",\"itemListElement\":[{\"@type\":\"ListItem\",\"position\":1,\"name\":\"Portada\",\"item\":\"https:\/\/www.flower-soul.com\/fr\/\"},{\"@type\":\"ListItem\",\"position\":2,\"name\":\"QUI SOMMES-NOUS\"}]},{\"@type\":\"WebSite\",\"@id\":\"https:\/\/www.flower-soul.com\/fr\/#website\",\"url\":\"https:\/\/www.flower-soul.com\/fr\/\",\"name\":\"Flower Soul\",\"description\":\"Jardines Verticales y Cuadros Vegetales\",\"potentialAction\":[{\"@type\":\"SearchAction\",\"target\":{\"@type\":\"EntryPoint\",\"urlTemplate\":\"https:\/\/www.flower-soul.com\/fr\/?s={search_term_string}\"},\"query-input\":\"required name=search_term_string\"}],\"inLanguage\":\"fr-FR\"}]}<\/script>\n<!-- \/ Yoast SEO plugin. -->","yoast_head_json":{"title":"QUI SOMMES-NOUS - Flower Soul -","description":"20 ans que nous consacrons au monde de la d\u00e9coration d'int\u00e9rieur, de l'art floral et de la r\u00e9alisation d'\u00e9v\u00e9nements d'entreprise.","robots":{"index":"index","follow":"follow","max-snippet":"max-snippet:-1","max-image-preview":"max-image-preview:large","max-video-preview":"max-video-preview:-1"},"canonical":"https:\/\/www.flower-soul.com\/fr\/qui-sommes-nous\/","og_locale":"fr_FR","og_type":"article","og_title":"QUI SOMMES-NOUS - Flower Soul -","og_description":"20 ans que nous consacrons au monde de la d\u00e9coration d'int\u00e9rieur, de l'art floral et de la r\u00e9alisation d'\u00e9v\u00e9nements d'entreprise.","og_url":"https:\/\/www.flower-soul.com\/fr\/qui-sommes-nous\/","og_site_name":"Flower Soul","article_modified_time":"2023-11-17T11:12:27+00:00","twitter_card":"summary_large_image","twitter_misc":{"Dur\u00e9e de lecture estim\u00e9e":"1 minute"},"schema":{"@context":"https:\/\/schema.org","@graph":[{"@type":"WebPage","@id":"https:\/\/www.flower-soul.com\/fr\/qui-sommes-nous\/","url":"https:\/\/www.flower-soul.com\/fr\/qui-sommes-nous\/","name":"QUI SOMMES-NOUS - Flower Soul -","isPartOf":{"@id":"https:\/\/www.flower-soul.com\/fr\/#website"},"datePublished":"2018-06-14T11:19:28+00:00","dateModified":"2023-11-17T11:12:27+00:00","description":"20 ans que nous consacrons au monde de la d\u00e9coration d'int\u00e9rieur, de l'art floral et de la r\u00e9alisation d'\u00e9v\u00e9nements d'entreprise.","breadcrumb":{"@id":"https:\/\/www.flower-soul.com\/fr\/qui-sommes-nous\/#breadcrumb"},"inLanguage":"fr-FR","potentialAction":[{"@type":"ReadAction","target":["https:\/\/www.flower-soul.com\/fr\/qui-sommes-nous\/"]}]},{"@type":"BreadcrumbList","@id":"https:\/\/www.flower-soul.com\/fr\/qui-sommes-nous\/#breadcrumb","itemListElement":[{"@type":"ListItem","position":1,"name":"Portada","item":"https:\/\/www.flower-soul.com\/fr\/"},{"@type":"ListItem","position":2,"name":"QUI SOMMES-NOUS"}]},{"@type":"WebSite","@id":"https:\/\/www.flower-soul.com\/fr\/#website","url":"https:\/\/www.flower-soul.com\/fr\/","name":"Flower Soul","description":"Jardines Verticales y Cuadros Vegetales","potentialAction":[{"@type":"SearchAction","target":{"@type":"EntryPoint","urlTemplate":"https:\/\/www.flower-soul.com\/fr\/?s={search_term_string}"},"query-input":"required name=search_term_string"}],"inLanguage":"fr-FR"}]}},"jetpack_sharing_enabled":true,"jetpack_shortlink":"https:\/\/wp.me\/PaVqaq-bF","_links":{"self":[{"href":"https:\/\/www.flower-soul.com\/fr\/wp-json\/wp\/v2\/pages\/723"}],"collection":[{"href":"https:\/\/www.flower-soul.com\/fr\/wp-json\/wp\/v2\/pages"}],"about":[{"href":"https:\/\/www.flower-soul.com\/fr\/wp-json\/wp\/v2\/types\/page"}],"author":[{"embeddable":true,"href":"https:\/\/www.flower-soul.com\/fr\/wp-json\/wp\/v2\/users\/1"}],"replies":[{"embeddable":true,"href":"https:\/\/www.flower-soul.com\/fr\/wp-json\/wp\/v2\/comments?post=723"}],"version-history":[{"count":13,"href":"https:\/\/www.flower-soul.com\/fr\/wp-json\/wp\/v2\/pages\/723\/revisions"}],"predecessor-version":[{"id":1827,"href":"https:\/\/www.flower-soul.com\/fr\/wp-json\/wp\/v2\/pages\/723\/revisions\/1827"}],"wp:attachment":[{"href":"https:\/\/www.flower-soul.com\/fr\/wp-json\/wp\/v2\/media?parent=723"}],"curies":[{"name":"wp","href":"https:\/\/api.w.org\/{rel}","templated":true}]}}